{"id":3,"date":"2022-04-11T17:18:01","date_gmt":"2022-04-11T17:18:01","guid":{"rendered":"http:\/\/piersduplock.com\/?page_id=3"},"modified":"2025-08-17T01:09:32","modified_gmt":"2025-08-17T01:09:32","slug":"privacy-policy","status":"publish","type":"page","link":"https:\/\/piersduplock.com\/fr\/privacy-policy\/","title":{"rendered":"Privacy Policy"},"content":{"rendered":"<h2 class=\"wp-block-heading\"><strong>Introduction<\/strong><\/h2>\n\n\n\n<p><br>Chez Consultation Duplock Inc., nous accordons une grande importance \u00e0 votre vie priv\u00e9e. Cette politique explique comment nous collectons, utilisons et prot\u00e9geons vos informations personnelles lorsque vous utilisez notre site web.<\/p>\n\n\n\n<hr class=\"wp-block-separator has-alpha-channel-opacity\"\/>\n\n\n\n<h4 class=\"wp-block-heading\"><strong>Informations que nous collectons<\/strong><\/h4>\n\n\n\n<p><br>Nous pouvons collecter les informations suivantes :<\/p>\n\n\n\n<ul class=\"wp-block-list\">\n<li>Nom, e-mail, num\u00e9ro de t\u00e9l\u00e9phone<\/li>\n\n\n\n<li>Adresses de livraison et de facturation<\/li>\n\n\n\n<li>Historique des achats et d\u00e9tails des commandes<\/li>\n\n\n\n<li>Adresse IP et informations sur le navigateur<\/li>\n\n\n\n<li>M\u00e9thode de paiement (via des processeurs tiers s\u00e9curis\u00e9s comme Stripe ou PayPal)<\/li>\n<\/ul>\n\n\n\n<hr class=\"wp-block-separator has-alpha-channel-opacity\"\/>\n\n\n\n<h4 class=\"wp-block-heading\"><strong>Comment nous utilisons vos informations<\/strong><\/h4>\n\n\n\n<p><br>Nous utilisons vos informations pour :<\/p>\n\n\n\n<ul class=\"wp-block-list\">\n<li>Traiter les commandes et livrer les produits<\/li>\n\n\n\n<li>Communiquer avec vous au sujet de votre achat<\/li>\n\n\n\n<li>Am\u00e9liorer notre site web et nos services<\/li>\n\n\n\n<li>Envoyer des e-mails marketing (avec votre consentement)<\/li>\n\n\n\n<li>Respecter les obligations l\u00e9gales<\/li>\n<\/ul>\n\n\n\n<hr class=\"wp-block-separator has-alpha-channel-opacity\"\/>\n\n\n\n<h4 class=\"wp-block-heading\"><strong>Cookies et suivi<\/strong><\/h4>\n\n\n\n<p><br>Nous utilisons des cookies pour am\u00e9liorer votre exp\u00e9rience de navigation. Vous pouvez contr\u00f4ler ou d\u00e9sactiver les cookies dans les param\u00e8tres de votre navigateur.<\/p>\n\n\n\n<hr class=\"wp-block-separator has-alpha-channel-opacity\"\/>\n\n\n\n<h4 class=\"wp-block-heading\"><strong>Partage de vos informations<\/strong><\/h4>\n\n\n\n<p><br>Nous ne vendons pas vos donn\u00e9es personnelles. Nous pouvons les partager avec :<\/p>\n\n\n\n<ul class=\"wp-block-list\">\n<li>Processeurs de paiement (par exemple, Stripe, PayPal)<\/li>\n\n\n\n<li>Fournisseurs de services de livraison (par exemple, Postes Canada)<\/li>\n\n\n\n<li>Les autorit\u00e9s l\u00e9gales si la loi l\u2019exige<\/li>\n<\/ul>\n\n\n\n<hr class=\"wp-block-separator has-alpha-channel-opacity\"\/>\n\n\n\n<h4 class=\"wp-block-heading\"><strong>Conservation des donn\u00e9es<\/strong><\/h4>\n\n\n\n<p><br>Nous conservons vos informations aussi longtemps que n\u00e9cessaire pour atteindre les objectifs d\u00e9crits, ou conform\u00e9ment aux exigences l\u00e9gales.<\/p>\n\n\n\n<hr class=\"wp-block-separator has-alpha-channel-opacity\"\/>\n\n\n\n<h4 class=\"wp-block-heading\"><strong>Vos droits<\/strong><\/h4>\n\n\n\n<p><br>Vous avez le droit de :<\/p>\n\n\n\n<ul class=\"wp-block-list\">\n<li>Acc\u00e9der \u00e0 vos donn\u00e9es et les corriger<\/li>\n\n\n\n<li>Retirer votre consentement \u00e0 tout moment<\/li>\n\n\n\n<li>Demander la suppression de vos donn\u00e9es<br>To exercise your rights, contact us at: <span \n                data-original-string='D20kRUGr1nK5ngaM7pDiWg==c2cPxoIDUT+lJQQWbl9zW2kfyNQjAkxzksJW6wIfLwnPh0='\n                class='apbct-email-encoder'\n                title='This contact has been encoded by Anti-Spam by CleanTalk. Click to decode. To finish the decoding make sure that JavaScript is enabled in your browser.'>pi<span class=\"apbct-blur\">***<\/span>@<span class=\"apbct-blur\">**********<\/span>ck.com<\/span><\/li>\n<\/ul>\n\n\n\n<hr class=\"wp-block-separator has-alpha-channel-opacity\"\/>\n\n\n\n<h4 class=\"wp-block-heading\"><strong>Contactez-nous<\/strong><\/h4>\n\n\n\n<p><br>If you have questions about this privacy policy, email us at: <span \n                data-original-string='6qMIqeUT+pX2rzrXIMu4iQ==c2cpSjQ6Ix+TIQMhHLeq25r4QvJzdSReeYdIYfocrQH6zY='\n                class='apbct-email-encoder'\n                title='This contact has been encoded by Anti-Spam by CleanTalk. Click to decode. To finish the decoding make sure that JavaScript is enabled in your browser.'>pi<span class=\"apbct-blur\">***<\/span>@<span class=\"apbct-blur\">**********<\/span>ck.com<\/span><\/p>","protected":false},"excerpt":{"rendered":"<p>1. Introduction At Duplock Consultancy Inc. we value your privacy. This policy explains how we collect, use, and protect your personal information when you use our website. 2. Information We Collect We may collect the following: 3. How We Use Your Information We use your information to: 4. Cookies and Tracking We use cookies to [&hellip;]<\/p>\n","protected":false},"author":1,"featured_media":0,"parent":0,"menu_order":0,"comment_status":"closed","ping_status":"open","template":"","meta":{"footnotes":""},"class_list":["post-3","page","type-page","status-publish","hentry"],"_links":{"self":[{"href":"https:\/\/piersduplock.com\/fr\/wp-json\/wp\/v2\/pages\/3","targetHints":{"allow":["GET"]}}],"collection":[{"href":"https:\/\/piersduplock.com\/fr\/wp-json\/wp\/v2\/pages"}],"about":[{"href":"https:\/\/piersduplock.com\/fr\/wp-json\/wp\/v2\/types\/page"}],"author":[{"embeddable":true,"href":"https:\/\/piersduplock.com\/fr\/wp-json\/wp\/v2\/users\/1"}],"replies":[{"embeddable":true,"href":"https:\/\/piersduplock.com\/fr\/wp-json\/wp\/v2\/comments?post=3"}],"version-history":[{"count":1,"href":"https:\/\/piersduplock.com\/fr\/wp-json\/wp\/v2\/pages\/3\/revisions"}],"predecessor-version":[{"id":1000,"href":"https:\/\/piersduplock.com\/fr\/wp-json\/wp\/v2\/pages\/3\/revisions\/1000"}],"wp:attachment":[{"href":"https:\/\/piersduplock.com\/fr\/wp-json\/wp\/v2\/media?parent=3"}],"curies":[{"name":"wp","href":"https:\/\/api.w.org\/{rel}","templated":true}]}}